{"id":50497,"date":"2019-07-22T15:58:45","date_gmt":"2019-07-22T19:58:45","guid":{"rendered":"http:\/\/icleicanada.org\/?page_id=50497\/"},"modified":"2019-07-22T16:44:31","modified_gmt":"2019-07-22T20:44:31","slug":"our-work","status":"publish","type":"page","link":"https:\/\/icleicanada.org\/fr\/our-work\/","title":{"rendered":"Notre travail"},"content":{"rendered":"<p>[et_pb_section fb_built=\u00a0\u00bb1&Prime; fullwidth=\u00a0\u00bbon\u00a0\u00bb _builder_version=\u00a0\u00bb3.20.2&Prime;][et_pb_fullwidth_header title=\u00a0\u00bbNotre travail\u00a0\u00bb subhead=\u00a0\u00bb\u00c9tablir des liens et faire progresser le d\u00e9veloppement durable \u00e0 l\u2019\u00e9chelle locale\u00a0\u00bb text_orientation=\u00a0\u00bbcenter\u00a0\u00bb background_overlay_color=\u00a0\u00bbrgba(0,0,0,0.34)\u00a0\u00bb _builder_version=\u00a0\u00bb3.20.2&Prime; title_font=\u00a0\u00bbMontserrat|300||on|||||\u00a0\u00bb title_font_size=\u00a0\u00bb85px\u00a0\u00bb title_letter_spacing=\u00a0\u00bb7px\u00a0\u00bb content_font=\u00a0\u00bb||||||||\u00a0\u00bb subhead_font=\u00a0\u00bb|||on|||||\u00a0\u00bb subhead_font_size=\u00a0\u00bb30px\u00a0\u00bb subhead_line_height=\u00a0\u00bb1.3em\u00a0\u00bb background_image=\u00a0\u00bbhttp:\/\/icleicanada.org\/wp-content\/uploads\/2019\/03\/New-Brunswick-Fredericton-October-2011-Gavin-Langille-4_Flickr_gLangille.jpg\u00a0\u00bb background_position=\u00a0\u00bbbottom_left\u00a0\u00bb][\/et_pb_fullwidth_header][\/et_pb_section][et_pb_section fb_built=\u00a0\u00bb1&Prime; _builder_version=\u00a0\u00bb3.20.2&Prime; custom_padding=\u00a0\u00bb28px|0px|0|0px|false|false\u00a0\u00bb][et_pb_row custom_width_px=\u00a0\u00bb710px\u00a0\u00bb custom_padding=\u00a0\u00bb22px|0px|0|0px|false|false\u00a0\u00bb background_position_1=\u00a0\u00bbtop_left\u00a0\u00bb background_repeat_1=\u00a0\u00bbno-repeat\u00a0\u00bb _builder_version=\u00a0\u00bb3.0.65&Prime; background_size=\u00a0\u00bbinitial\u00a0\u00bb background_position=\u00a0\u00bbtop_left\u00a0\u00bb background_repeat=\u00a0\u00bbrepeat\u00a0\u00bb][et_pb_column type=\u00a0\u00bb4_4&Prime; _builder_version=\u00a0\u00bb3.0.47&Prime;][et_pb_divider color=\u00a0\u00bb#4e5ed0&Prime; divider_weight=\u00a0\u00bb3px\u00a0\u00bb height=\u00a0\u00bb5px\u00a0\u00bb disabled_on=\u00a0\u00bboff|off|off\u00a0\u00bb _builder_version=\u00a0\u00bb3.2&Prime; background_color_gradient_direction=\u00a0\u00bb90deg\u00a0\u00bb max_width=\u00a0\u00bb100px\u00a0\u00bb module_alignment=\u00a0\u00bbcenter\u00a0\u00bb custom_margin=\u00a0\u00bb||20px|\u00a0\u00bb custom_padding=\u00a0\u00bb||20px|\u00a0\u00bb animation_style=\u00a0\u00bbslide\u00a0\u00bb animation_direction=\u00a0\u00bbbottom\u00a0\u00bb saved_tabs=\u00a0\u00bball\u00a0\u00bb locked=\u00a0\u00bboff\u00a0\u00bb][\/et_pb_divider][et_pb_text admin_label=\u00a0\u00bbProject Section Title\u00a0\u00bb _builder_version=\u00a0\u00bb3.20.2&Prime; header_font=\u00a0\u00bbMontserrat|300|||||||\u00a0\u00bb header_text_color=\u00a0\u00bb#1f1f1f\u00a0\u00bb header_font_size=\u00a0\u00bb50px\u00a0\u00bb text_orientation=\u00a0\u00bbcenter\u00a0\u00bb max_width=\u00a0\u00bb710px\u00a0\u00bb module_alignment=\u00a0\u00bbcenter\u00a0\u00bb animation_style=\u00a0\u00bbfold\u00a0\u00bb animation_direction=\u00a0\u00bbbottom\u00a0\u00bb animation_intensity_fold=\u00a0\u00bb20%\u00a0\u00bb]<\/p>\n<h1>Th\u00e8mes<\/h1>\n<p>[\/et_pb_text][et_pb_text admin_label=\u00a0\u00bbProject Section Subtitle\u00a0\u00bb _builder_version=\u00a0\u00bb3.20.2&Prime; text_font=\u00a0\u00bb|300|||||||\u00a0\u00bb text_font_size=\u00a0\u00bb16px\u00a0\u00bb text_line_height=\u00a0\u00bb1.9em\u00a0\u00bb background_size=\u00a0\u00bbinitial\u00a0\u00bb background_position=\u00a0\u00bbtop_left\u00a0\u00bb background_repeat=\u00a0\u00bbrepeat\u00a0\u00bb text_orientation=\u00a0\u00bbcenter\u00a0\u00bb max_width=\u00a0\u00bb710px\u00a0\u00bb module_alignment=\u00a0\u00bbcenter\u00a0\u00bb animation_style=\u00a0\u00bbfold\u00a0\u00bb animation_direction=\u00a0\u00bbbottom\u00a0\u00bb animation_intensity_fold=\u00a0\u00bb20%\u00a0\u00bb]<\/p>\n<p>Nous offrons un vaste \u00e9ventail de services et de produits li\u00e9s \u00e0 l\u2019\u00e9nergie communautaire, aux \u00e9missions, \u00e0 l\u2019adaptation et \u00e0 la biodiversit\u00e9. Explorez nos projets, nos ressources et nos services connexes.<\/p>\n<p>[\/et_pb_text][\/et_pb_column][\/et_pb_row][\/et_pb_section][et_pb_section fb_built=\u00a0\u00bb1&Prime; admin_label=\u00a0\u00bbOur Projects\u00a0\u00bb _builder_version=\u00a0\u00bb3.0.65&Prime; custom_padding=\u00a0\u00bb0|0px|0|0px|false|false\u00a0\u00bb][et_pb_row use_custom_gutter=\u00a0\u00bbon\u00a0\u00bb custom_padding=\u00a0\u00bb27px|0px|27px|0px|false|false\u00a0\u00bb background_position_1=\u00a0\u00bbtop_left\u00a0\u00bb background_position_2=\u00a0\u00bbtop_left\u00a0\u00bb background_position_3=\u00a0\u00bbtop_left\u00a0\u00bb background_repeat_1=\u00a0\u00bbno-repeat\u00a0\u00bb background_repeat_2=\u00a0\u00bbno-repeat\u00a0\u00bb background_repeat_3=\u00a0\u00bbno-repeat\u00a0\u00bb _builder_version=\u00a0\u00bb3.0.65&Prime; background_size=\u00a0\u00bbinitial\u00a0\u00bb background_position=\u00a0\u00bbtop_left\u00a0\u00bb background_repeat=\u00a0\u00bbrepeat\u00a0\u00bb][et_pb_column type=\u00a0\u00bb1_3&Prime; _builder_version=\u00a0\u00bb3.0.47&Prime;][et_pb_image src=\u00a0\u00bbhttp:\/\/icleicanada.org\/wp-content\/uploads\/2019\/03\/106_365-April-Showers-by-Joe-Lodge-on-Flickr.jpg\u00a0\u00bb url=\u00a0\u00bbhttp:\/\/icleicanada.org\/fr\/our-work\/adaptation-and-resilience\/\u00a0\u00bb url_new_window=\u00a0\u00bbon\u00a0\u00bb use_overlay=\u00a0\u00bbon\u00a0\u00bb overlay_icon_color=\u00a0\u00bb#ffffff\u00a0\u00bb hover_overlay_color=\u00a0\u00bbrgba(0,0,0,0.55)\u00a0\u00bb hover_icon=\u00a0\u00bb%%3%%\u00a0\u00bb admin_label=\u00a0\u00bbProject 01&Prime; _builder_version=\u00a0\u00bb3.20.2&Prime; animation_style=\u00a0\u00bbslide\u00a0\u00bb animation_direction=\u00a0\u00bbleft\u00a0\u00bb animation_duration=\u00a0\u00bb500ms\u00a0\u00bb animation_intensity_slide=\u00a0\u00bb10%\u00a0\u00bb][\/et_pb_image][\/et_pb_column][et_pb_column type=\u00a0\u00bb1_3&Prime; _builder_version=\u00a0\u00bb3.0.47&Prime;][et_pb_image src=\u00a0\u00bbhttp:\/\/icleicanada.org\/wp-content\/uploads\/2019\/03\/Flickr-Bicycle-skippyjon.jpg\u00a0\u00bb url=\u00a0\u00bbhttp:\/\/icleicanada.org\/fr\/our-work\/mitigation\/\u00a0\u00bb url_new_window=\u00a0\u00bbon\u00a0\u00bb use_overlay=\u00a0\u00bbon\u00a0\u00bb overlay_icon_color=\u00a0\u00bb#ffffff\u00a0\u00bb hover_overlay_color=\u00a0\u00bbrgba(0,0,0,0.55)\u00a0\u00bb hover_icon=\u00a0\u00bb%%3%%\u00a0\u00bb admin_label=\u00a0\u00bbProject 02&Prime; _builder_version=\u00a0\u00bb3.20.2&Prime; animation_style=\u00a0\u00bbslide\u00a0\u00bb animation_direction=\u00a0\u00bbleft\u00a0\u00bb animation_duration=\u00a0\u00bb500ms\u00a0\u00bb animation_delay=\u00a0\u00bb100ms\u00a0\u00bb animation_intensity_slide=\u00a0\u00bb10%\u00a0\u00bb][\/et_pb_image][\/et_pb_column][et_pb_column type=\u00a0\u00bb1_3&Prime; _builder_version=\u00a0\u00bb3.0.47&Prime;][et_pb_image src=\u00a0\u00bbhttp:\/\/icleicanada.org\/wp-content\/uploads\/2019\/03\/Allan-Gardens_Flickr_Alexander-Farley.jpg\u00a0\u00bb url=\u00a0\u00bbhttp:\/\/icleicanada.org\/fr\/our-work\/biodiversite\/\u00a0\u00bb url_new_window=\u00a0\u00bbon\u00a0\u00bb use_overlay=\u00a0\u00bbon\u00a0\u00bb overlay_icon_color=\u00a0\u00bb#ffffff\u00a0\u00bb hover_overlay_color=\u00a0\u00bbrgba(0,0,0,0.55)\u00a0\u00bb hover_icon=\u00a0\u00bb%%3%%\u00a0\u00bb admin_label=\u00a0\u00bbProject 03&Prime; _builder_version=\u00a0\u00bb3.20.2&Prime; animation_style=\u00a0\u00bbslide\u00a0\u00bb animation_direction=\u00a0\u00bbleft\u00a0\u00bb animation_duration=\u00a0\u00bb500ms\u00a0\u00bb animation_delay=\u00a0\u00bb100ms\u00a0\u00bb animation_intensity_slide=\u00a0\u00bb10%\u00a0\u00bb][\/et_pb_image][\/et_pb_column][\/et_pb_row][et_pb_row custom_padding=\u00a0\u00bb0|0px|0|0px|false|false\u00a0\u00bb _builder_version=\u00a0\u00bb3.20.2&Prime;][et_pb_column type=\u00a0\u00bb1_3&Prime; _builder_version=\u00a0\u00bb3.20.2&Prime;][et_pb_text _builder_version=\u00a0\u00bb3.20.2&Prime; text_font=\u00a0\u00bb||||||||\u00a0\u00bb header_font=\u00a0\u00bb|300|||||||\u00a0\u00bb header_text_align=\u00a0\u00bbcenter\u00a0\u00bb header_line_height=\u00a0\u00bb1.3em\u00a0\u00bb link_option_url=\u00a0\u00bbhttp:\/\/icleicanada.org\/our-work\/adaptation\/\u00a0\u00bb]<\/p>\n<h1>Adaptation et\u00a0r\u00e9silience<\/h1>\n<p>[\/et_pb_text][\/et_pb_column][et_pb_column type=\u00a0\u00bb1_3&Prime; _builder_version=\u00a0\u00bb3.20.2&Prime;][et_pb_text _builder_version=\u00a0\u00bb3.20.2&Prime; text_font=\u00a0\u00bb||||||||\u00a0\u00bb header_font=\u00a0\u00bb|300|||||||\u00a0\u00bb header_text_align=\u00a0\u00bbcenter\u00a0\u00bb header_font_size=\u00a0\u00bb27px\u00a0\u00bb header_line_height=\u00a0\u00bb1.2em\u00a0\u00bb link_option_url=\u00a0\u00bbhttp:\/\/icleicanada.org\/energy-and-emissions-planning\/\u00a0\u00bb]<\/p>\n<h1 style=\"text-align: center;\">\u00c9nergie et \u00e9missions<\/h1>\n<p>[\/et_pb_text][\/et_pb_column][et_pb_column type=\u00a0\u00bb1_3&Prime; _builder_version=\u00a0\u00bb3.20.2&Prime;][et_pb_text _builder_version=\u00a0\u00bb3.20.2&Prime; text_font=\u00a0\u00bb||||||||\u00a0\u00bb header_font=\u00a0\u00bb|300|||||||\u00a0\u00bb header_font_size=\u00a0\u00bb27px\u00a0\u00bb header_line_height=\u00a0\u00bb1.2em\u00a0\u00bb link_option_url=\u00a0\u00bbhttp:\/\/icleicanada.org\/our-work\/biodiversity\/\u00a0\u00bb]<\/p>\n<h1 style=\"text-align: center;\">Biodiversit\u00e9<\/h1>\n<p>[\/et_pb_text][\/et_pb_column][\/et_pb_row][\/et_pb_section][et_pb_section fb_built=\u00a0\u00bb1&Prime; _builder_version=\u00a0\u00bb3.6&Prime; custom_padding=\u00a0\u00bb0|0px|0|0px|false|false\u00a0\u00bb][et_pb_row custom_padding=\u00a0\u00bb52px|0px|93px|0px|false|false\u00a0\u00bb _builder_version=\u00a0\u00bb3.20.2&Prime;][et_pb_column type=\u00a0\u00bb4_4&Prime; _builder_version=\u00a0\u00bb3.20.2&Prime;][et_pb_text admin_label=\u00a0\u00bbProject Section Subtitle\u00a0\u00bb _builder_version=\u00a0\u00bb3.20.2&Prime; text_font=\u00a0\u00bb|300|||||||\u00a0\u00bb text_font_size=\u00a0\u00bb17px\u00a0\u00bb text_line_height=\u00a0\u00bb1.9em\u00a0\u00bb background_size=\u00a0\u00bbinitial\u00a0\u00bb background_position=\u00a0\u00bbtop_left\u00a0\u00bb background_repeat=\u00a0\u00bbrepeat\u00a0\u00bb text_orientation=\u00a0\u00bbcenter\u00a0\u00bb max_width=\u00a0\u00bb710px\u00a0\u00bb module_alignment=\u00a0\u00bbcenter\u00a0\u00bb animation_style=\u00a0\u00bbfold\u00a0\u00bb animation_direction=\u00a0\u00bbbottom\u00a0\u00bb animation_intensity_fold=\u00a0\u00bb20%\u00a0\u00bb link_option_url=\u00a0\u00bbhttp:\/\/icleicanada.org\/our-services\/\u00a0\u00bb]<\/p>\n<p>D\u00e9couvrez les types de services que nous offrons qui abordent les trois th\u00e8mes.<\/p>\n<p>[\/et_pb_text][et_pb_button button_url=\u00a0\u00bbhttp:\/\/icleicanada.org\/fr\/our-services\/\u00a0\u00bb url_new_window=\u00a0\u00bbon\u00a0\u00bb button_text=\u00a0\u00bbNOS SERVICES\u00a0\u00bb button_alignment=\u00a0\u00bbcenter\u00a0\u00bb _builder_version=\u00a0\u00bb3.20.2&Prime; custom_button=\u00a0\u00bbon\u00a0\u00bb button_text_size=\u00a0\u00bb24px\u00a0\u00bb button_text_color=\u00a0\u00bb#1b00ba\u00a0\u00bb button_letter_spacing=\u00a0\u00bb2px\u00a0\u00bb button_font=\u00a0\u00bbMontserrat||||||||\u00a0\u00bb button_icon_color=\u00a0\u00bb#1b00ba\u00a0\u00bb][\/et_pb_button][\/et_pb_column][\/et_pb_row][\/et_pb_section]<\/p>\n","protected":false},"excerpt":{"rendered":"<p>[et_pb_section fb_built=\u00a0\u00bb1&Prime; fullwidth=\u00a0\u00bbon\u00a0\u00bb _builder_version=\u00a0\u00bb3.20.2&Prime;][et_pb_fullwidth_header title=\u00a0\u00bbNotre travail\u00a0\u00bb subhead=\u00a0\u00bb\u00c9tablir des liens et faire progresser le d\u00e9veloppement durable \u00e0 l\u2019\u00e9chelle locale\u00a0\u00bb text_orientation=\u00a0\u00bbcenter\u00a0\u00bb background_overlay_color=\u00a0\u00bbrgba(0,0,0,0.34)\u00a0\u00bb _builder_version=\u00a0\u00bb3.20.2&Prime; title_font=\u00a0\u00bbMontserrat|300||on|||||\u00a0\u00bb title_font_size=\u00a0\u00bb85px\u00a0\u00bb title_letter_spacing=\u00a0\u00bb7px\u00a0\u00bb content_font=\u00a0\u00bb||||||||\u00a0\u00bb subhead_font=\u00a0\u00bb|||on|||||\u00a0\u00bb subhead_font_size=\u00a0\u00bb30px\u00a0\u00bb subhead_line_height=\u00a0\u00bb1.3em\u00a0\u00bb background_image=\u00a0\u00bbhttp:\/\/icleicanada.org\/wp-content\/uploads\/2019\/03\/New-Brunswick-Fredericton-October-2011-Gavin-Langille-4_Flickr_gLangille.jpg\u00a0\u00bb background_position=\u00a0\u00bbbottom_left\u00a0\u00bb][\/et_pb_fullwidth_header][\/et_pb_section][et_pb_section fb_built=\u00a0\u00bb1&Prime; _builder_version=\u00a0\u00bb3.20.2&Prime; custom_padding=\u00a0\u00bb28px|0px|0|0px|false|false\u00a0\u00bb][et_pb_row custom_width_px=\u00a0\u00bb710px\u00a0\u00bb custom_padding=\u00a0\u00bb22px|0px|0|0px|false|false\u00a0\u00bb background_position_1=\u00a0\u00bbtop_left\u00a0\u00bb background_repeat_1=\u00a0\u00bbno-repeat\u00a0\u00bb _builder_version=\u00a0\u00bb3.0.65&Prime; background_size=\u00a0\u00bbinitial\u00a0\u00bb background_position=\u00a0\u00bbtop_left\u00a0\u00bb background_repeat=\u00a0\u00bbrepeat\u00a0\u00bb][et_pb_column type=\u00a0\u00bb4_4&Prime; _builder_version=\u00a0\u00bb3.0.47&Prime;][et_pb_divider color=\u00a0\u00bb#4e5ed0&Prime; divider_weight=\u00a0\u00bb3px\u00a0\u00bb height=\u00a0\u00bb5px\u00a0\u00bb disabled_on=\u00a0\u00bboff|off|off\u00a0\u00bb _builder_version=\u00a0\u00bb3.2&Prime; background_color_gradient_direction=\u00a0\u00bb90deg\u00a0\u00bb max_width=\u00a0\u00bb100px\u00a0\u00bb module_alignment=\u00a0\u00bbcenter\u00a0\u00bb custom_margin=\u00a0\u00bb||20px|\u00a0\u00bb custom_padding=\u00a0\u00bb||20px|\u00a0\u00bb animation_style=\u00a0\u00bbslide\u00a0\u00bb animation_direction=\u00a0\u00bbbottom\u00a0\u00bb [&hellip;]<\/p>\n","protected":false},"author":2,"featured_media":0,"parent":0,"menu_order":0,"comment_status":"closed","ping_status":"closed","template":"","meta":{"_et_pb_use_builder":"on","_et_pb_old_content":"","_et_gb_content_width":"","footnotes":""},"class_list":["post-50497","page","type-page","status-publish","hentry"],"_links":{"self":[{"href":"https:\/\/icleicanada.org\/fr\/wp-json\/wp\/v2\/pages\/50497","targetHints":{"allow":["GET"]}}],"collection":[{"href":"https:\/\/icleicanada.org\/fr\/wp-json\/wp\/v2\/pages"}],"about":[{"href":"https:\/\/icleicanada.org\/fr\/wp-json\/wp\/v2\/types\/page"}],"author":[{"embeddable":true,"href":"https:\/\/icleicanada.org\/fr\/wp-json\/wp\/v2\/users\/2"}],"replies":[{"embeddable":true,"href":"https:\/\/icleicanada.org\/fr\/wp-json\/wp\/v2\/comments?post=50497"}],"version-history":[{"count":9,"href":"https:\/\/icleicanada.org\/fr\/wp-json\/wp\/v2\/pages\/50497\/revisions"}],"predecessor-version":[{"id":50559,"href":"https:\/\/icleicanada.org\/fr\/wp-json\/wp\/v2\/pages\/50497\/revisions\/50559"}],"wp:attachment":[{"href":"https:\/\/icleicanada.org\/fr\/wp-json\/wp\/v2\/media?parent=50497"}],"curies":[{"name":"wp","href":"https:\/\/api.w.org\/{rel}","templated":true}]}}